{"id":1606,"date":"2021-08-27T16:04:40","date_gmt":"2021-08-27T19:04:40","guid":{"rendered":"https:\/\/lhs-solutions.com.br\/?page_id=1606"},"modified":"2021-09-10T14:10:44","modified_gmt":"2021-09-10T17:10:44","slug":"qcms","status":"publish","type":"page","link":"https:\/\/lhs-solutions.com.br\/index.php\/qcms\/","title":{"rendered":"QSMS"},"content":{"rendered":"<div class=\"div-pai-alhs-pagina\" style=\"background:#fff;margin-bottom: 20px;\">\n<div class=\"div-filho-alhs-pagina\">\n<div class=\"titulo-alhs-pagina-qcms\">Pol\u00edtica de Qualidade<\/div>\n<div class=\"alhs-titulo-text-qcms\">A LHS \u2013 Hydraulic Solutions prima pela melhoria cont\u00ednua do Sistema de Gest\u00e3o de Qualidade, comprometida com os seguintes objetivos:<\/div>\n<div class=\"texto-com-imagem-lado-alhss\" style=\"display: flex;\">\n<div class=\"texto-div-imagem-alhs-qcms\">\n<div class=\"container-imagem-texto-qcms\">\n<div class=\"texto-div-secundario-qcms \">Buscar a atender as necessidades e expectativas de seus clientes, prezando pela sua satisfa\u00e7\u00e3o atrav\u00e9s do atendimento diferenciado.<br \/>\nCom a vis\u00e3o de ser refer\u00eancia como prestadora de servi\u00e7os em equipamentos \u00f3leo hidr\u00e1ulicos, busca a melhoria constante a garantir a excel\u00eancia no atendimento ao cliente por meio do rigoroso controle em nossos processos, produtos, servi\u00e7os e desenvolvimento cont\u00ednuo de seus colaboradores, atingindo o mais alto padr\u00e3o de qualidade.<br \/>\nBuscar o aprimoramento em tudo o que realizarmos, promovendo o crescimento t\u00e9cnico e comportamental da nossa equipe.<br \/>\nTransformar a Qualidade em um valor necess\u00e1rio para a presta\u00e7\u00e3o dos nossos servi\u00e7os, para a sobreviv\u00eancia da organiza\u00e7\u00e3o e das pr\u00f3prias pessoas.<br \/>\nPromover o engajamento de todos os colaboradores, contribuindo para um excelente resultado.<\/div>\n<p><img decoding=\"async\" src=\"https:\/\/lhs-solutions.com.br\/wp-content\/uploads\/2021\/08\/factory-workers-in-control-room-operating-industrial-machines-remotely-in-production-line.png\" title=\" foto criado por aleksandarlittlewolf - br.freepik.com\" class=\"imagem-pagina-alhs-qcms \"><\/p>\n<\/div>\n<\/div>\n<\/div>\n<div class=\"texto-com-imagem-lado-qcms-dois\" style=\"display: flex;\">\n<img decoding=\"async\" src=\"https:\/\/lhs-solutions.com.br\/wp-content\/uploads\/2021\/08\/environmental-conservation-in-the-garden-for-children.png\" class=\"imagem-pagina-alhs-qcms-segundo\" title=\"foto criado por jcomp - br.freepik.com\"><\/p>\n<div class=\"texto=seguranca-qcms\">\n<div class=\"div-titulo-metodologia-qcms\">Seguran\u00e7a, Meio Ambiente e Sa\u00fade Ocupacional<\/div>\n<div class=\"texto-metodologia-lhsss-qcms\">Visando a preserva\u00e7\u00e3o da sa\u00fade e da integridade dos trabalhadores, atrav\u00e9s da antecipa\u00e7\u00e3o, reconhecimento, avalia\u00e7\u00e3o e consequente controle da ocorr\u00eancia de riscos ambientais existentes ou que venham a existir no ambiente de trabalho, tendo em considera\u00e7\u00e3o a prote\u00e7\u00e3o do meio ambiente e dos recursos naturais.<br \/>\nControlar os riscos ambientais existentes no local de trabalho com ado\u00e7\u00e3o de medidas e a\u00e7\u00f5es efetivas.<br \/>\nMonitorar a exposi\u00e7\u00e3o dos trabalhadores aos riscos existentes no local de trabalho.<br \/>\nPreservar o meio ambiente.<br \/>\nTer a equipe permanentemente bem preparada para realiza\u00e7\u00e3o dos trabalhos seguindo procedimentos que previna a ocorr\u00eancia de acidentes e danos a sua sa\u00fade.<\/div>\n<p><img decoding=\"async\" src=\"https:\/\/lhs-solutions.com.br\/wp-content\/uploads\/2021\/08\/environmental-conservation-in-the-garden-for-children.png\" class=\"imagem-pagina-alhs-qcms-mobile\" title=\"foto criado por jcomp - br.freepik.com\"><\/p>\n<\/div>\n<\/div>\n<\/div>\n<\/div>\n","protected":false},"excerpt":{"rendered":"<p>Pol\u00edtica de Qualidade A LHS \u2013 Hydraulic Solutions prima pela melhoria cont\u00ednua do Sistema de Gest\u00e3o de Qualidade, comprometida com os seguintes objetivos: Buscar a atender as necessidades e expectativas de seus clientes, prezando pela sua satisfa\u00e7\u00e3o atrav\u00e9s do atendimento diferenciado. Com a vis\u00e3o de ser refer\u00eancia como prestadora de servi\u00e7os em equipamentos \u00f3leo hidr\u00e1ulicos,&hellip; <br \/> <a class=\"read-more\" href=\"https:\/\/lhs-solutions.com.br\/index.php\/qcms\/\">Read more<\/a><\/p>\n","protected":false},"author":1,"featured_media":0,"parent":0,"menu_order":0,"comment_status":"closed","ping_status":"closed","template":"","meta":[],"yoast_head":"<!-- This site is optimized with the Yoast SEO plugin v14.6.1 - https:\/\/yoast.com\/wordpress\/plugins\/seo\/ -->\n<title>QSMS - LHS - Hydraulic Solutions<\/title>\n<meta name=\"robots\" content=\"index, follow\" \/>\n<meta name=\"googlebot\" content=\"index, follow, max-snippet:-1, max-image-preview:large, max-video-preview:-1\" \/>\n<meta name=\"bingbot\" content=\"index, follow, max-snippet:-1, max-image-preview:large, max-video-preview:-1\" \/>\n<link rel=\"canonical\" href=\"https:\/\/lhs-solutions.com.br\/index.php\/qcms\/\" \/>\n<meta property=\"og:locale\" content=\"en_US\" \/>\n<meta property=\"og:type\" content=\"article\" \/>\n<meta property=\"og:title\" content=\"QSMS - LHS - Hydraulic Solutions\" \/>\n<meta property=\"og:description\" content=\"Pol\u00edtica de Qualidade A LHS \u2013 Hydraulic Solutions prima pela melhoria cont\u00ednua do Sistema de Gest\u00e3o de Qualidade, comprometida com os seguintes objetivos: Buscar a atender as necessidades e expectativas de seus clientes, prezando pela sua satisfa\u00e7\u00e3o atrav\u00e9s do atendimento diferenciado. Com a vis\u00e3o de ser refer\u00eancia como prestadora de servi\u00e7os em equipamentos \u00f3leo hidr\u00e1ulicos,&hellip; Read more\" \/>\n<meta property=\"og:url\" content=\"https:\/\/lhs-solutions.com.br\/index.php\/qcms\/\" \/>\n<meta property=\"og:site_name\" content=\"LHS - Hydraulic Solutions\" \/>\n<meta property=\"article:modified_time\" content=\"2021-09-10T17:10:44+00:00\" \/>\n<meta property=\"og:image\" content=\"https:\/\/lhs-solutions.com.br\/wp-content\/uploads\/2021\/08\/factory-workers-in-control-room-operating-industrial-machines-remotely-in-production-line.png\" \/>\n<meta name=\"twitter:card\" content=\"summary_large_image\" \/>\n<script type=\"application\/ld+json\" class=\"yoast-schema-graph\">{\"@context\":\"https:\/\/schema.org\",\"@graph\":[{\"@type\":\"Organization\",\"@id\":\"https:\/\/lhs-solutions.com.br\/#organization\",\"name\":\"LHS Hydraulic Solutions\",\"url\":\"https:\/\/lhs-solutions.com.br\/\",\"sameAs\":[],\"logo\":{\"@type\":\"ImageObject\",\"@id\":\"https:\/\/lhs-solutions.com.br\/#logo\",\"inLanguage\":\"en-US\",\"url\":\"https:\/\/lhs-solutions.com.br\/wp-content\/uploads\/2019\/08\/logo-small-black.png\",\"width\":300,\"height\":140,\"caption\":\"LHS Hydraulic Solutions\"},\"image\":{\"@id\":\"https:\/\/lhs-solutions.com.br\/#logo\"}},{\"@type\":\"WebSite\",\"@id\":\"https:\/\/lhs-solutions.com.br\/#website\",\"url\":\"https:\/\/lhs-solutions.com.br\/\",\"name\":\"LHS - Hydraulic Solutions\",\"description\":\"Solu\\u00e7\\u00f5es em hidr\\u00e1ulica\",\"publisher\":{\"@id\":\"https:\/\/lhs-solutions.com.br\/#organization\"},\"potentialAction\":[{\"@type\":\"SearchAction\",\"target\":\"https:\/\/lhs-solutions.com.br\/?s={search_term_string}\",\"query-input\":\"required name=search_term_string\"}],\"inLanguage\":\"en-US\"},{\"@type\":\"ImageObject\",\"@id\":\"https:\/\/lhs-solutions.com.br\/index.php\/qcms\/#primaryimage\",\"inLanguage\":\"en-US\",\"url\":\"https:\/\/lhs-solutions.com.br\/wp-content\/uploads\/2021\/08\/factory-workers-in-control-room-operating-industrial-machines-remotely-in-production-line.png\",\"width\":369,\"height\":280},{\"@type\":\"WebPage\",\"@id\":\"https:\/\/lhs-solutions.com.br\/index.php\/qcms\/#webpage\",\"url\":\"https:\/\/lhs-solutions.com.br\/index.php\/qcms\/\",\"name\":\"QSMS - LHS - Hydraulic Solutions\",\"isPartOf\":{\"@id\":\"https:\/\/lhs-solutions.com.br\/#website\"},\"primaryImageOfPage\":{\"@id\":\"https:\/\/lhs-solutions.com.br\/index.php\/qcms\/#primaryimage\"},\"datePublished\":\"2021-08-27T19:04:40+00:00\",\"dateModified\":\"2021-09-10T17:10:44+00:00\",\"inLanguage\":\"en-US\",\"potentialAction\":[{\"@type\":\"ReadAction\",\"target\":[\"https:\/\/lhs-solutions.com.br\/index.php\/qcms\/\"]}]}]}<\/script>\n<!-- \/ Yoast SEO plugin. -->","_links":{"self":[{"href":"https:\/\/lhs-solutions.com.br\/index.php\/wp-json\/wp\/v2\/pages\/1606"}],"collection":[{"href":"https:\/\/lhs-solutions.com.br\/index.php\/wp-json\/wp\/v2\/pages"}],"about":[{"href":"https:\/\/lhs-solutions.com.br\/index.php\/wp-json\/wp\/v2\/types\/page"}],"author":[{"embeddable":true,"href":"https:\/\/lhs-solutions.com.br\/index.php\/wp-json\/wp\/v2\/users\/1"}],"replies":[{"embeddable":true,"href":"https:\/\/lhs-solutions.com.br\/index.php\/wp-json\/wp\/v2\/comments?post=1606"}],"version-history":[{"count":28,"href":"https:\/\/lhs-solutions.com.br\/index.php\/wp-json\/wp\/v2\/pages\/1606\/revisions"}],"predecessor-version":[{"id":1906,"href":"https:\/\/lhs-solutions.com.br\/index.php\/wp-json\/wp\/v2\/pages\/1606\/revisions\/1906"}],"wp:attachment":[{"href":"https:\/\/lhs-solutions.com.br\/index.php\/wp-json\/wp\/v2\/media?parent=1606"}],"curies":[{"name":"wp","href":"https:\/\/api.w.org\/{rel}","templated":true}]}}