{"id":15,"date":"2019-08-08T17:59:53","date_gmt":"2019-08-08T20:59:53","guid":{"rendered":"https:\/\/lhs-solutions.com.br\/index.php\/mesmerize\/"},"modified":"2021-10-17T16:55:41","modified_gmt":"2021-10-17T19:55:41","slug":"mesmerize","status":"publish","type":"page","link":"https:\/\/lhs-solutions.com.br\/","title":{"rendered":"LHS &#8211; Hydraulic Solutions"},"content":{"rendered":"\t\t<div data-elementor-type=\"wp-page\" data-elementor-id=\"15\" class=\"elementor elementor-15\" data-elementor-settings=\"[]\">\n\t\t\t\t\t\t\t<div class=\"elementor-section-wrap\">\n\t\t\t\t\t\t\t<section class=\"elementor-section elementor-top-section elementor-element elementor-element-b7ab096 elementor-section-boxed elementor-section-height-default elementor-section-height-default\" data-id=\"b7ab096\" data-element_type=\"section\">\n\t\t\t\t\t\t<div class=\"elementor-container elementor-column-gap-default\">\n\t\t\t\t\t<div class=\"elementor-column elementor-col-100 elementor-top-column elementor-element elementor-element-3651b60\" data-id=\"3651b60\" data-element_type=\"column\">\n\t\t\t<div class=\"elementor-widget-wrap elementor-element-populated\">\n\t\t\t\t\t\t\t\t<div class=\"elementor-element elementor-element-8212135 elementor-widget elementor-widget-heading\" data-id=\"8212135\" data-element_type=\"widget\" id=\"teste\" data-widget_type=\"heading.default\">\n\t\t\t\t<div class=\"elementor-widget-container\">\n\t\t\t<h2 class=\"elementor-heading-title elementor-size-default\">LHS<\/h2>\t\t<\/div>\n\t\t\t\t<\/div>\n\t\t\t\t<div class=\"elementor-element elementor-element-7a7daf0 elementor-widget elementor-widget-heading\" data-id=\"7a7daf0\" data-element_type=\"widget\" id=\"text\" data-widget_type=\"heading.default\">\n\t\t\t\t<div class=\"elementor-widget-container\">\n\t\t\t<h2 class=\"elementor-heading-title elementor-size-default\">Hydraulic Solutions<\/h2>\t\t<\/div>\n\t\t\t\t<\/div>\n\t\t\t\t<div class=\"elementor-element elementor-element-1ad1a47 elementor-widget elementor-widget-heading\" data-id=\"1ad1a47\" data-element_type=\"widget\" id=\"solucoes\" data-widget_type=\"heading.default\">\n\t\t\t\t<div class=\"elementor-widget-container\">\n\t\t\t<h2 class=\"elementor-heading-title elementor-size-default\">Solu\u00e7\u00f5es em Hidr\u00e1ulica<\/h2>\t\t<\/div>\n\t\t\t\t<\/div>\n\t\t\t\t<div class=\"elementor-element elementor-element-37889d5 elementor-testimonial--layout-image_above elementor-testimonial--skin-bubble elementor-testimonial--align-center elementor-arrows-yes elementor-pagination-type-bullets elementor-widget elementor-widget-testimonial-carousel\" data-id=\"37889d5\" data-element_type=\"widget\" data-settings=\"{&quot;show_arrows&quot;:&quot;yes&quot;,&quot;pagination&quot;:&quot;bullets&quot;,&quot;speed&quot;:500,&quot;autoplay&quot;:&quot;yes&quot;,&quot;autoplay_speed&quot;:5000,&quot;loop&quot;:&quot;yes&quot;,&quot;pause_on_hover&quot;:&quot;yes&quot;,&quot;pause_on_interaction&quot;:&quot;yes&quot;,&quot;space_between&quot;:{&quot;unit&quot;:&quot;px&quot;,&quot;size&quot;:10,&quot;sizes&quot;:[]},&quot;space_between_tablet&quot;:{&quot;unit&quot;:&quot;px&quot;,&quot;size&quot;:10,&quot;sizes&quot;:[]},&quot;space_between_mobile&quot;:{&quot;unit&quot;:&quot;px&quot;,&quot;size&quot;:10,&quot;sizes&quot;:[]}}\" data-widget_type=\"testimonial-carousel.default\">\n\t\t\t\t<div class=\"elementor-widget-container\">\n\t\t\t\t\t<div class=\"elementor-swiper\">\n\t\t\t<div class=\"elementor-main-swiper swiper-container\">\n\t\t\t\t<div class=\"swiper-wrapper\">\n\t\t\t\t\t\t\t\t\t\t\t<div class=\"swiper-slide\">\n\t\t\t\t\t\t\t\t\t<div class=\"elementor-testimonial\">\n\t\t\t\t\t\t\t<div class=\"elementor-testimonial__content\">\n\t\t\t\t\t<div class=\"elementor-testimonial__text\">\n\t\t\t\t\t\t<b>Refinaria e Ind\u00fastrias<\/b><br> Oferecemos, manuten\u00e7\u00e3o preditiva, preventiva, corretiva, controle da qualidade do \u00f3leo, an\u00e1lise de part\u00edculas, inspe\u00e7\u00e3o em componentes mec\u00e2nicos, desenvolvimento de plano de manuten\u00e7\u00e3o, flushing e muito mais.\t\t\t\t\t<\/div>\n\t\t\t\t\t\t\t\t\t<\/div>\n\t\t\t\t\t\t<div class=\"elementor-testimonial__footer\">\n\t\t\t\t\t\t\t\t\t<div class=\"elementor-testimonial__image\">\n\t\t\t\t\t\t<img decoding=\"async\" src=\"https:\/\/lhs-solutions.com.br\/wp-content\/uploads\/2021\/10\/1-Refinarias-e-Industrias.jpg\" alt=\"\">\n\t\t\t\t\t<\/div>\n\t\t\t\t\t\t\t\t\t\t\t<\/div>\n\t\t<\/div>\n\t\t\t\t\t\t\t\t<\/div>\n\t\t\t\t\t\t\t\t\t\t\t<div class=\"swiper-slide\">\n\t\t\t\t\t\t\t\t\t<div class=\"elementor-testimonial\">\n\t\t\t\t\t\t\t<div class=\"elementor-testimonial__content\">\n\t\t\t\t\t<div class=\"elementor-testimonial__text\">\n\t\t\t\t\t\t<b>Industria da coleta e reciclagem<\/b><br> Realizamos manuten\u00e7\u00e3o completa no sistema hidr\u00e1ulico e mec\u00e2nico em local pr\u00f3prio, coberto e seguro, manuten\u00e7\u00e3o em cilindros, troca de mangueiras, manuten\u00e7\u00e3o em bombas, comandos, v\u00e1lvulas, ajustes de press\u00e3o e atendimento em emerg\u00eancia no local entre outros servi\u00e7os.\t\t\t\t\t<\/div>\n\t\t\t\t\t\t\t\t\t<\/div>\n\t\t\t\t\t\t<div class=\"elementor-testimonial__footer\">\n\t\t\t\t\t\t\t\t\t<div class=\"elementor-testimonial__image\">\n\t\t\t\t\t\t<img decoding=\"async\" src=\"https:\/\/lhs-solutions.com.br\/wp-content\/uploads\/2021\/10\/2-Industria-de-coleta-e-reciclgem-Copy.jpg\" alt=\"\">\n\t\t\t\t\t<\/div>\n\t\t\t\t\t\t\t\t\t\t\t<\/div>\n\t\t<\/div>\n\t\t\t\t\t\t\t\t<\/div>\n\t\t\t\t\t\t\t\t\t\t\t<div class=\"swiper-slide\">\n\t\t\t\t\t\t\t\t\t<div class=\"elementor-testimonial\">\n\t\t\t\t\t\t\t<div class=\"elementor-testimonial__content\">\n\t\t\t\t\t<div class=\"elementor-testimonial__text\">\n\t\t\t\t\t\t<b>Ind\u00fastria de transporte, I\u00e7amento e Log\u00edstica de cargas<\/b><br> Realizamos testes dos componentes hidr\u00e1ulicos, manuten\u00e7\u00e3o em cilindros, bombas, comandos, mangueiras, redutores, conversores, motores hidr\u00e1ulicos, ajustes das press\u00f5es, controle e contagem de part\u00edculas, flushing e manuten\u00e7\u00e3o em componentes mec\u00e2nicos, atendimento emergencial no local do equipamento, manuten\u00e7\u00e3o e reformas em realizados em local pr\u00f3prio coberto, entre outros servi\u00e7os.\t\t\t\t\t<\/div>\n\t\t\t\t\t\t\t\t\t<\/div>\n\t\t\t\t\t\t<div class=\"elementor-testimonial__footer\">\n\t\t\t\t\t\t\t\t\t<div class=\"elementor-testimonial__image\">\n\t\t\t\t\t\t<img decoding=\"async\" src=\"https:\/\/lhs-solutions.com.br\/wp-content\/uploads\/2021\/10\/3-Industria-de-tranporte-i\u00e7amento-e-logistica-de-cargas.jpg\" alt=\"\">\n\t\t\t\t\t<\/div>\n\t\t\t\t\t\t\t\t\t\t\t<\/div>\n\t\t<\/div>\n\t\t\t\t\t\t\t\t<\/div>\n\t\t\t\t\t\t\t\t\t\t\t<div class=\"swiper-slide\">\n\t\t\t\t\t\t\t\t\t<div class=\"elementor-testimonial\">\n\t\t\t\t\t\t\t<div class=\"elementor-testimonial__content\">\n\t\t\t\t\t<div class=\"elementor-testimonial__text\">\n\t\t\t\t\t\t<b>Ind\u00fastria de terraplanagem<\/b><br> Manuten\u00e7\u00e3o corretiva, preventiva, ajustes de press\u00e3o, fornecimento e troca de mangueiras, tubos, bombas, cilindros, redutores, motores, comandos, v\u00e1lvulas, atendimento no local do equipamento e outros servi\u00e7os sob consulta.\t\t\t\t\t<\/div>\n\t\t\t\t\t\t\t\t\t<\/div>\n\t\t\t\t\t\t<div class=\"elementor-testimonial__footer\">\n\t\t\t\t\t\t\t\t\t<div class=\"elementor-testimonial__image\">\n\t\t\t\t\t\t<img decoding=\"async\" src=\"https:\/\/lhs-solutions.com.br\/wp-content\/uploads\/2021\/10\/4-Industria-de-terraplanagem.jpg\" alt=\"\">\n\t\t\t\t\t<\/div>\n\t\t\t\t\t\t\t\t\t\t\t<\/div>\n\t\t<\/div>\n\t\t\t\t\t\t\t\t<\/div>\n\t\t\t\t\t\t\t\t\t\t\t<div class=\"swiper-slide\">\n\t\t\t\t\t\t\t\t\t<div class=\"elementor-testimonial\">\n\t\t\t\t\t\t\t<div class=\"elementor-testimonial__content\">\n\t\t\t\t\t<div class=\"elementor-testimonial__text\">\n\t\t\t\t\t\t<b>Plataforma a\u00e9reas e elevat\u00f3rias<\/b><br> Realizamos manuten\u00e7\u00f5es e reformas completas, troca de mangueiras, tubos, testes e ajustes, dispomos de local apropriado e coberto para realiza\u00e7\u00e3o das manuten\u00e7\u00f5es.\t\t\t\t\t<\/div>\n\t\t\t\t\t\t\t\t\t<\/div>\n\t\t\t\t\t\t<div class=\"elementor-testimonial__footer\">\n\t\t\t\t\t\t\t\t\t<div class=\"elementor-testimonial__image\">\n\t\t\t\t\t\t<img decoding=\"async\" src=\"https:\/\/lhs-solutions.com.br\/wp-content\/uploads\/2021\/10\/5-Plataformas-aereas-e-elevat\u00f3rias.jpg\" alt=\"\">\n\t\t\t\t\t<\/div>\n\t\t\t\t\t\t\t\t\t\t\t<\/div>\n\t\t<\/div>\n\t\t\t\t\t\t\t\t<\/div>\n\t\t\t\t\t\t\t\t\t\t\t<div class=\"swiper-slide\">\n\t\t\t\t\t\t\t\t\t<div class=\"elementor-testimonial\">\n\t\t\t\t\t\t\t<div class=\"elementor-testimonial__content\">\n\t\t\t\t\t<div class=\"elementor-testimonial__text\">\n\t\t\t\t\t\t<b>Ind\u00fastria do Petr\u00f3leo<\/b><br> Contamos com profissionais experientes em manuten\u00e7\u00e3o offshore, realizamos inspe\u00e7\u00f5es de equipamentos, flushing, an\u00e1lise de \u00f3leo hidr\u00e1ulico, troubleshooting, delineamento, fornecimento e substitui\u00e7\u00e3o de mangueiras e tubos hidr\u00e1ulicos nos mais diversos equipamentos de conv\u00e9s, pra\u00e7a de m\u00e1quinas e propuls\u00e3o, criamos planos de manuten\u00e7\u00e3o preventiva e servi\u00e7os hidr\u00e1ulicos em geral.\t\t\t\t\t<\/div>\n\t\t\t\t\t\t\t\t\t<\/div>\n\t\t\t\t\t\t<div class=\"elementor-testimonial__footer\">\n\t\t\t\t\t\t\t\t\t<div class=\"elementor-testimonial__image\">\n\t\t\t\t\t\t<img decoding=\"async\" src=\"https:\/\/lhs-solutions.com.br\/wp-content\/uploads\/2021\/10\/6-Industria-do-petroleo.jpg\" alt=\"\">\n\t\t\t\t\t<\/div>\n\t\t\t\t\t\t\t\t\t\t\t<\/div>\n\t\t<\/div>\n\t\t\t\t\t\t\t\t<\/div>\n\t\t\t\t\t\t\t\t\t\t\t<div class=\"swiper-slide\">\n\t\t\t\t\t\t\t\t\t<div class=\"elementor-testimonial\">\n\t\t\t\t\t\t\t<div class=\"elementor-testimonial__content\">\n\t\t\t\t\t<div class=\"elementor-testimonial__text\">\n\t\t\t\t\t\t<b>Ind\u00fastria naval e offshore<\/b><br> Fornecemos m\u00e3o de obra qualificada e experiente para manuten\u00e7\u00e3o em sistemas hidr\u00e1ulicos de m\u00e1quinas de conv\u00e9s, leme, caixas redutoras, propulsores, Azymuth, troubleshooting, testes diversos, ajustes das press\u00f5es, inspe\u00e7\u00f5es em equipamento, elabora\u00e7\u00e3o e acompanhamento de plano de manuten\u00e7\u00e3o preventiva, an\u00e1lise de part\u00edculas no \u00f3leo hidr\u00e1ulico, flushing e muito mais, fa\u00e7a uma consulta.\t\t\t\t\t<\/div>\n\t\t\t\t\t\t\t\t\t<\/div>\n\t\t\t\t\t\t<div class=\"elementor-testimonial__footer\">\n\t\t\t\t\t\t\t\t\t<div class=\"elementor-testimonial__image\">\n\t\t\t\t\t\t<img decoding=\"async\" src=\"https:\/\/lhs-solutions.com.br\/wp-content\/uploads\/2021\/10\/7-Industria-naval-e-offshore.jpg\" alt=\"\">\n\t\t\t\t\t<\/div>\n\t\t\t\t\t\t\t\t\t\t\t<\/div>\n\t\t<\/div>\n\t\t\t\t\t\t\t\t<\/div>\n\t\t\t\t\t\t\t\t\t\t\t<div class=\"swiper-slide\">\n\t\t\t\t\t\t\t\t\t<div class=\"elementor-testimonial\">\n\t\t\t\t\t\t\t<div class=\"elementor-testimonial__content\">\n\t\t\t\t\t<div class=\"elementor-testimonial__text\">\n\t\t\t\t\t\t<b>Ind\u00fastria de guindaste offshore<\/b><br> Contamos com m\u00e3o de obra qualificada em manuten\u00e7\u00e3o preventiva, corretiva, troubleshooting, inspe\u00e7\u00f5es, delineamentos, fornecimento e troca de mangueiras, manuten\u00e7\u00e3o em acumuladores, bloco manifold, trocador de calor, lubrifica\u00e7\u00e3o, v\u00e1lvulas, cilindros, controle da contamina\u00e7\u00e3o do \u00f3leo, elabora\u00e7\u00e3o de plano de manuten\u00e7\u00e3o e muitos outros servi\u00e7os.\t\t\t\t\t<\/div>\n\t\t\t\t\t\t\t\t\t<\/div>\n\t\t\t\t\t\t<div class=\"elementor-testimonial__footer\">\n\t\t\t\t\t\t\t\t\t<div class=\"elementor-testimonial__image\">\n\t\t\t\t\t\t<img decoding=\"async\" src=\"https:\/\/lhs-solutions.com.br\/wp-content\/uploads\/2021\/10\/8-Industria-de-guindastes-offshore-scaled.jpg\" alt=\"\">\n\t\t\t\t\t<\/div>\n\t\t\t\t\t\t\t\t\t\t\t<\/div>\n\t\t<\/div>\n\t\t\t\t\t\t\t\t<\/div>\n\t\t\t\t\t\t\t\t\t\t\t<div class=\"swiper-slide\">\n\t\t\t\t\t\t\t\t\t<div class=\"elementor-testimonial\">\n\t\t\t\t\t\t\t<div class=\"elementor-testimonial__content\">\n\t\t\t\t\t<div class=\"elementor-testimonial__text\">\n\t\t\t\t\t\t<b>Turcos de bote e baleeiras<\/b><br> Fornecemos Manuten\u00e7\u00e3o corretiva, preventiva, testes, troca de componentes, ajustes das press\u00f5es, manuten\u00e7\u00e3o e moderniza\u00e7\u00e3o da HPU, lubrifica\u00e7\u00e3o de cabos e partes articuladas, flushing e componentes hidr\u00e1ulicos. \t\t\t\t\t<\/div>\n\t\t\t\t\t\t\t\t\t<\/div>\n\t\t\t\t\t\t<div class=\"elementor-testimonial__footer\">\n\t\t\t\t\t\t\t\t\t<div class=\"elementor-testimonial__image\">\n\t\t\t\t\t\t<img decoding=\"async\" src=\"https:\/\/lhs-solutions.com.br\/wp-content\/uploads\/2021\/10\/9-Turco-de-botes-e-baleeiras-scaled.jpg\" alt=\"\">\n\t\t\t\t\t<\/div>\n\t\t\t\t\t\t\t\t\t\t\t<\/div>\n\t\t<\/div>\n\t\t\t\t\t\t\t\t<\/div>\n\t\t\t\t\t\t\t\t\t\t\t<div class=\"swiper-slide\">\n\t\t\t\t\t\t\t\t\t<div class=\"elementor-testimonial\">\n\t\t\t\t\t\t\t<div class=\"elementor-testimonial__content\">\n\t\t\t\t\t<div class=\"elementor-testimonial__text\">\n\t\t\t\t\t\t<b>Carretel de armazenamento de barreiras<\/b><br> Manuten\u00e7\u00e3o preventiva, corretiva nos componentes hidr\u00e1ulicos e mec\u00e2nico, testes dos componentes em bancada, ajuste das press\u00f5es, fornecimento de componentes hidr\u00e1ulicos e mec\u00e2nicos.\t\t\t\t\t<\/div>\n\t\t\t\t\t\t\t\t\t<\/div>\n\t\t\t\t\t\t<div class=\"elementor-testimonial__footer\">\n\t\t\t\t\t\t\t\t\t<div class=\"elementor-testimonial__image\">\n\t\t\t\t\t\t<img decoding=\"async\" src=\"https:\/\/lhs-solutions.com.br\/wp-content\/uploads\/2021\/10\/10-Carretel-de-armazenamento-de-barreiras-scaled.jpg\" alt=\"\">\n\t\t\t\t\t<\/div>\n\t\t\t\t\t\t\t\t\t\t\t<\/div>\n\t\t<\/div>\n\t\t\t\t\t\t\t\t<\/div>\n\t\t\t\t\t\t\t\t\t<\/div>\n\t\t\t\t\t\t\t\t\t\t\t\t\t\t\t<div class=\"swiper-pagination\"><\/div>\n\t\t\t\t\t\t\t\t\t\t\t\t\t\t\t\t<div class=\"elementor-swiper-button elementor-swiper-button-prev\">\n\t\t\t\t\t\t\t<i class=\"eicon-chevron-left\" aria-hidden=\"true\"><\/i>\n\t\t\t\t\t\t\t<span class=\"elementor-screen-only\">Previous<\/span>\n\t\t\t\t\t\t<\/div>\n\t\t\t\t\t\t<div class=\"elementor-swiper-button elementor-swiper-button-next\">\n\t\t\t\t\t\t\t<i class=\"eicon-chevron-right\" aria-hidden=\"true\"><\/i>\n\t\t\t\t\t\t\t<span class=\"elementor-screen-only\">Next<\/span>\n\t\t\t\t\t\t<\/div>\n\t\t\t\t\t\t\t\t\t\t\t\t<\/div>\n\t\t<\/div>\n\t\t\t\t<\/div>\n\t\t\t\t<\/div>\n\t\t\t\t\t<\/div>\n\t\t<\/div>\n\t\t\t\t\t\t\t<\/div>\n\t\t<\/section>\n\t\t\t\t\t\t<\/div>\n\t\t\t\t\t<\/div>\n\t\t","protected":false},"excerpt":{"rendered":"<p>LHS Hydraulic Solutions Solu\u00e7\u00f5es em Hidr\u00e1ulica Refinaria e Ind\u00fastrias Oferecemos, manuten\u00e7\u00e3o preditiva, preventiva, corretiva, controle da qualidade do \u00f3leo, an\u00e1lise de part\u00edculas, inspe\u00e7\u00e3o em componentes mec\u00e2nicos, desenvolvimento de plano de manuten\u00e7\u00e3o, flushing e muito mais. Industria da coleta e reciclagem Realizamos manuten\u00e7\u00e3o completa no sistema hidr\u00e1ulico e mec\u00e2nico em local pr\u00f3prio, coberto e seguro, manuten\u00e7\u00e3o&hellip; <br \/> <a class=\"read-more\" href=\"https:\/\/lhs-solutions.com.br\/\">Read more<\/a><\/p>\n","protected":false},"author":1,"featured_media":0,"parent":0,"menu_order":0,"comment_status":"closed","ping_status":"closed","template":"","meta":[],"yoast_head":"<!-- This site is optimized with the Yoast SEO plugin v14.6.1 - https:\/\/yoast.com\/wordpress\/plugins\/seo\/ -->\n<title>LHS - Hydraulic Solutions - LHS - Hydraulic Solutions<\/title>\n<meta name=\"robots\" content=\"index, follow\" \/>\n<meta name=\"googlebot\" content=\"index, follow, max-snippet:-1, max-image-preview:large, max-video-preview:-1\" \/>\n<meta name=\"bingbot\" content=\"index, follow, max-snippet:-1, max-image-preview:large, max-video-preview:-1\" \/>\n<link rel=\"canonical\" href=\"https:\/\/lhs-solutions.com.br\/\" \/>\n<meta property=\"og:locale\" content=\"en_US\" \/>\n<meta property=\"og:type\" content=\"article\" \/>\n<meta property=\"og:title\" content=\"LHS - Hydraulic Solutions - LHS - Hydraulic Solutions\" \/>\n<meta property=\"og:description\" content=\"LHS Hydraulic Solutions Solu\u00e7\u00f5es em Hidr\u00e1ulica Refinaria e Ind\u00fastrias Oferecemos, manuten\u00e7\u00e3o preditiva, preventiva, corretiva, controle da qualidade do \u00f3leo, an\u00e1lise de part\u00edculas, inspe\u00e7\u00e3o em componentes mec\u00e2nicos, desenvolvimento de plano de manuten\u00e7\u00e3o, flushing e muito mais. Industria da coleta e reciclagem Realizamos manuten\u00e7\u00e3o completa no sistema hidr\u00e1ulico e mec\u00e2nico em local pr\u00f3prio, coberto e seguro, manuten\u00e7\u00e3o&hellip; Read more\" \/>\n<meta property=\"og:url\" content=\"https:\/\/lhs-solutions.com.br\/\" \/>\n<meta property=\"og:site_name\" content=\"LHS - Hydraulic Solutions\" \/>\n<meta property=\"article:modified_time\" content=\"2021-10-17T19:55:41+00:00\" \/>\n<meta property=\"og:image\" content=\"https:\/\/lhs-solutions.com.br\/wp-content\/uploads\/2021\/10\/1-Refinarias-e-Industrias.jpg\" \/>\n<meta name=\"twitter:card\" content=\"summary_large_image\" \/>\n<script type=\"application\/ld+json\" class=\"yoast-schema-graph\">{\"@context\":\"https:\/\/schema.org\",\"@graph\":[{\"@type\":\"Organization\",\"@id\":\"https:\/\/lhs-solutions.com.br\/#organization\",\"name\":\"LHS Hydraulic Solutions\",\"url\":\"https:\/\/lhs-solutions.com.br\/\",\"sameAs\":[],\"logo\":{\"@type\":\"ImageObject\",\"@id\":\"https:\/\/lhs-solutions.com.br\/#logo\",\"inLanguage\":\"en-US\",\"url\":\"https:\/\/lhs-solutions.com.br\/wp-content\/uploads\/2019\/08\/logo-small-black.png\",\"width\":300,\"height\":140,\"caption\":\"LHS Hydraulic Solutions\"},\"image\":{\"@id\":\"https:\/\/lhs-solutions.com.br\/#logo\"}},{\"@type\":\"WebSite\",\"@id\":\"https:\/\/lhs-solutions.com.br\/#website\",\"url\":\"https:\/\/lhs-solutions.com.br\/\",\"name\":\"LHS - Hydraulic Solutions\",\"description\":\"Solu\\u00e7\\u00f5es em hidr\\u00e1ulica\",\"publisher\":{\"@id\":\"https:\/\/lhs-solutions.com.br\/#organization\"},\"potentialAction\":[{\"@type\":\"SearchAction\",\"target\":\"https:\/\/lhs-solutions.com.br\/?s={search_term_string}\",\"query-input\":\"required name=search_term_string\"}],\"inLanguage\":\"en-US\"},{\"@type\":\"ImageObject\",\"@id\":\"https:\/\/lhs-solutions.com.br\/#primaryimage\",\"inLanguage\":\"en-US\",\"url\":\"https:\/\/lhs-solutions.com.br\/wp-content\/uploads\/2021\/10\/1-Refinarias-e-Industrias.jpg\",\"width\":1920,\"height\":1277},{\"@type\":\"WebPage\",\"@id\":\"https:\/\/lhs-solutions.com.br\/#webpage\",\"url\":\"https:\/\/lhs-solutions.com.br\/\",\"name\":\"LHS - Hydraulic Solutions - LHS - Hydraulic Solutions\",\"isPartOf\":{\"@id\":\"https:\/\/lhs-solutions.com.br\/#website\"},\"primaryImageOfPage\":{\"@id\":\"https:\/\/lhs-solutions.com.br\/#primaryimage\"},\"datePublished\":\"2019-08-08T20:59:53+00:00\",\"dateModified\":\"2021-10-17T19:55:41+00:00\",\"inLanguage\":\"en-US\",\"potentialAction\":[{\"@type\":\"ReadAction\",\"target\":[\"https:\/\/lhs-solutions.com.br\/\"]}]}]}<\/script>\n<!-- \/ Yoast SEO plugin. -->","_links":{"self":[{"href":"https:\/\/lhs-solutions.com.br\/index.php\/wp-json\/wp\/v2\/pages\/15"}],"collection":[{"href":"https:\/\/lhs-solutions.com.br\/index.php\/wp-json\/wp\/v2\/pages"}],"about":[{"href":"https:\/\/lhs-solutions.com.br\/index.php\/wp-json\/wp\/v2\/types\/page"}],"author":[{"embeddable":true,"href":"https:\/\/lhs-solutions.com.br\/index.php\/wp-json\/wp\/v2\/users\/1"}],"replies":[{"embeddable":true,"href":"https:\/\/lhs-solutions.com.br\/index.php\/wp-json\/wp\/v2\/comments?post=15"}],"version-history":[{"count":224,"href":"https:\/\/lhs-solutions.com.br\/index.php\/wp-json\/wp\/v2\/pages\/15\/revisions"}],"predecessor-version":[{"id":1922,"href":"https:\/\/lhs-solutions.com.br\/index.php\/wp-json\/wp\/v2\/pages\/15\/revisions\/1922"}],"wp:attachment":[{"href":"https:\/\/lhs-solutions.com.br\/index.php\/wp-json\/wp\/v2\/media?parent=15"}],"curies":[{"name":"wp","href":"https:\/\/api.w.org\/{rel}","templated":true}]}}