{"id":149,"date":"2021-07-08T14:25:43","date_gmt":"2021-07-08T17:25:43","guid":{"rendered":"https:\/\/lhs-solutions.com.br\/?page_id=149"},"modified":"2021-10-17T17:06:15","modified_gmt":"2021-10-17T20:06:15","slug":"contato","status":"publish","type":"page","link":"https:\/\/lhs-solutions.com.br\/index.php\/contato\/","title":{"rendered":"Contato"},"content":{"rendered":"<div id=\"contato\" class=\"contact-1-mc content-section content-section-spacing white-text\" style=\"background-size: cover; background-position: center top;\" data-label=\"Contato\" data-id=\"contact-1-mc\" data-export-id=\"contact-1-mc\" data-category=\"contact\" data-parallax-depth=\"20\">\n<div class=\"gridContainer\" style=\"font-family: serif;\">\n<div class=\"row text-center\">\n<div class=\"section-title-col\" data-type=\"column\"><\/div>\n<\/div>\n<div class=\"row text-center\">\n<div class=\"col-xs-12 col-sm-8 col-sm-offset-2 contact-form-wrapper inline-info contato-container\">\n<div class=\"container-titulo-subtitulo\">\n<h2 class=\"titulo-contato-principal-co\">Entre em contato<\/h2>\n<p class=\"lead-responder-subtitulo\">Iremos responder o mais breve poss\u00edvel!<\/p>\n<\/div>\n<div class=\"container-secundario-titulo-subtitulo\"><\/div>\n<div class=\"card large-padding contato-esquerda\">\n<div class=\"\" data-content-shortcode=\"mesmerize_contact_form shortcode=&quot;wpforms id=&amp;amp;quot;40&amp;amp;quot; title=&amp;amp;quot;false&amp;amp;quot; description=&amp;amp;quot;false&amp;amp;quot;&quot;\" data-editable=\"true\"><div class=\"wpforms-container wpforms-container-full\" id=\"wpforms-40\"><form id=\"wpforms-form-40\" class=\"wpforms-validate wpforms-form wpforms-ajax-form\" data-formid=\"40\" method=\"post\" enctype=\"multipart\/form-data\" action=\"\/index.php\/wp-json\/wp\/v2\/pages\/149\" data-token=\"f6c7cbe310f0f318708891bdd57c9a76\"><noscript class=\"wpforms-error-noscript\">Please enable JavaScript in your browser to complete this form.<\/noscript><div class=\"wpforms-field-container\"><div id=\"wpforms-40-field_0-container\" class=\"wpforms-field wpforms-field-name\" data-field-id=\"0\"><label class=\"wpforms-field-label\" for=\"wpforms-40-field_0\">Nome <span class=\"wpforms-required-label\">*<\/span><\/label><input type=\"text\" id=\"wpforms-40-field_0\" class=\"wpforms-field-large wpforms-field-required\" name=\"wpforms[fields][0]\" required><\/div><div id=\"wpforms-40-field_1-container\" class=\"wpforms-field wpforms-field-email\" data-field-id=\"1\"><label class=\"wpforms-field-label\" for=\"wpforms-40-field_1\">Email <span class=\"wpforms-required-label\">*<\/span><\/label><input type=\"email\" id=\"wpforms-40-field_1\" class=\"wpforms-field-large wpforms-field-required\" name=\"wpforms[fields][1]\" required><\/div><div id=\"wpforms-40-field_4-container\" class=\"wpforms-field wpforms-field-text\" data-field-id=\"4\"><label class=\"wpforms-field-label\" for=\"wpforms-40-field_4\">Telefone <span class=\"wpforms-required-label\">*<\/span><\/label><input type=\"text\" id=\"wpforms-40-field_4\" class=\"wpforms-field-large wpforms-field-required\" name=\"wpforms[fields][4]\" required><\/div><div id=\"wpforms-40-field_3-container\" class=\"wpforms-field wpforms-field-text\" data-field-id=\"3\"><label class=\"wpforms-field-label\" for=\"wpforms-40-field_3\">Empresa <span class=\"wpforms-required-label\">*<\/span><\/label><input type=\"text\" id=\"wpforms-40-field_3\" class=\"wpforms-field-large wpforms-field-required\" name=\"wpforms[fields][3]\" required><\/div><div id=\"wpforms-40-field_2-container\" class=\"wpforms-field wpforms-field-textarea\" data-field-id=\"2\"><label class=\"wpforms-field-label\" for=\"wpforms-40-field_2\">Mensagem <span class=\"wpforms-required-label\">*<\/span><\/label><textarea id=\"wpforms-40-field_2\" class=\"wpforms-field-large wpforms-field-required\" name=\"wpforms[fields][2]\" required><\/textarea><\/div><\/div><div class=\"wpforms-field wpforms-field-hp\"><label for=\"wpforms-40-field-hp\" class=\"wpforms-field-label\">Name<\/label><input type=\"text\" name=\"wpforms[hp]\" id=\"wpforms-40-field-hp\" class=\"wpforms-field-medium\"><\/div><div class=\"wpforms-recaptcha-container wpforms-is-recaptcha\" ><div class=\"g-recaptcha\" data-sitekey=\"6LcREbcZAAAAALuLyyCIwSzIRxGSsvU2nVn4EHtI\"><\/div><input type=\"text\" name=\"g-recaptcha-hidden\" class=\"wpforms-recaptcha-hidden\" style=\"position:absolute!important;clip:rect(0,0,0,0)!important;height:1px!important;width:1px!important;border:0!important;overflow:hidden!important;padding:0!important;margin:0!important;\" required><\/div><div class=\"wpforms-submit-container\" ><input type=\"hidden\" name=\"wpforms[id]\" value=\"40\"><input type=\"hidden\" name=\"wpforms[author]\" value=\"1\"><button type=\"submit\" name=\"wpforms[submit]\" class=\"wpforms-submit button color1\" id=\"wpforms-submit-40\" value=\"wpforms-submit\" aria-live=\"assertive\" data-alt-text=\"Enviando...\" data-submit-text=\"Enviar\">Enviar<\/button><img src=\"https:\/\/lhs-solutions.com.br\/wp-content\/plugins\/wpforms-lite\/assets\/images\/submit-spin.svg\" class=\"wpforms-submit-spinner\" style=\"display: none;\" width=\"26\" height=\"26\" alt=\"\"><\/div><\/form><\/div>  <!-- .wpforms-container --><\/div>\n<\/div>\n<div class=\"card large-padding contato-direita\">\n<div class=\"contato-direita-itens\">LHS &#8211; Hydraulic Solutions<\/div>\n<div class=\"contato-direita-itens-subtitu\">lhs@lhs-solutions.com.br<\/div>\n<div class=\"contato-direita-itens-textoss\">(21) 2147-4678<\/div>\n<div class=\"contato-direita-itens-subtitu\">Funcionamento:<\/div>\n<div class=\"contato-direita-itens-textoss\">De segunda a quinta<br \/>\nDe 7h \u00e0s 17h<\/p>\n<p>Sexta-feira<br \/>\nDe 7h \u00e0s 16h<\/p>\n<\/div>\n<div class=\"contato-direita-itens-subtitu\">Endere\u00e7o:<\/div>\n<div class=\"contato-direita-itens-textoss\">Rua Guaianases, 213 B &#8211; Penha, Rio de Janeiro &#8211; RJ, Brasil<\/div>\n<\/div>\n<\/div>\n<\/div>\n<\/div>\n<\/div>\n","protected":false},"excerpt":{"rendered":"<p>Entre em contato Iremos responder o mais breve poss\u00edvel! LHS &#8211; Hydraulic Solutions lhs@lhs-solutions.com.br (21) 2147-4678 Funcionamento: De segunda a quinta De 7h \u00e0s 17h Sexta-feira De 7h \u00e0s 16h Endere\u00e7o: Rua Guaianases, 213 B &#8211; Penha, Rio de Janeiro &#8211; RJ, Brasil<\/p>\n","protected":false},"author":1,"featured_media":0,"parent":0,"menu_order":0,"comment_status":"closed","ping_status":"closed","template":"","meta":[],"yoast_head":"<!-- This site is optimized with the Yoast SEO plugin v14.6.1 - https:\/\/yoast.com\/wordpress\/plugins\/seo\/ -->\n<title>Contato - LHS - Hydraulic Solutions<\/title>\n<meta name=\"robots\" content=\"index, follow\" \/>\n<meta name=\"googlebot\" content=\"index, follow, max-snippet:-1, max-image-preview:large, max-video-preview:-1\" \/>\n<meta name=\"bingbot\" content=\"index, follow, max-snippet:-1, max-image-preview:large, max-video-preview:-1\" \/>\n<link rel=\"canonical\" href=\"https:\/\/lhs-solutions.com.br\/index.php\/contato\/\" \/>\n<meta property=\"og:locale\" content=\"en_US\" \/>\n<meta property=\"og:type\" content=\"article\" \/>\n<meta property=\"og:title\" content=\"Contato - LHS - Hydraulic Solutions\" \/>\n<meta property=\"og:description\" content=\"Entre em contato Iremos responder o mais breve poss\u00edvel! LHS &#8211; Hydraulic Solutions lhs@lhs-solutions.com.br (21) 2147-4678 Funcionamento: De segunda a quinta De 7h \u00e0s 17h Sexta-feira De 7h \u00e0s 16h Endere\u00e7o: Rua Guaianases, 213 B &#8211; Penha, Rio de Janeiro &#8211; RJ, Brasil\" \/>\n<meta property=\"og:url\" content=\"https:\/\/lhs-solutions.com.br\/index.php\/contato\/\" \/>\n<meta property=\"og:site_name\" content=\"LHS - Hydraulic Solutions\" \/>\n<meta property=\"article:modified_time\" content=\"2021-10-17T20:06:15+00:00\" \/>\n<meta name=\"twitter:card\" content=\"summary_large_image\" \/>\n<script type=\"application\/ld+json\" class=\"yoast-schema-graph\">{\"@context\":\"https:\/\/schema.org\",\"@graph\":[{\"@type\":\"Organization\",\"@id\":\"https:\/\/lhs-solutions.com.br\/#organization\",\"name\":\"LHS Hydraulic Solutions\",\"url\":\"https:\/\/lhs-solutions.com.br\/\",\"sameAs\":[],\"logo\":{\"@type\":\"ImageObject\",\"@id\":\"https:\/\/lhs-solutions.com.br\/#logo\",\"inLanguage\":\"en-US\",\"url\":\"https:\/\/lhs-solutions.com.br\/wp-content\/uploads\/2019\/08\/logo-small-black.png\",\"width\":300,\"height\":140,\"caption\":\"LHS Hydraulic Solutions\"},\"image\":{\"@id\":\"https:\/\/lhs-solutions.com.br\/#logo\"}},{\"@type\":\"WebSite\",\"@id\":\"https:\/\/lhs-solutions.com.br\/#website\",\"url\":\"https:\/\/lhs-solutions.com.br\/\",\"name\":\"LHS - Hydraulic Solutions\",\"description\":\"Solu\\u00e7\\u00f5es em hidr\\u00e1ulica\",\"publisher\":{\"@id\":\"https:\/\/lhs-solutions.com.br\/#organization\"},\"potentialAction\":[{\"@type\":\"SearchAction\",\"target\":\"https:\/\/lhs-solutions.com.br\/?s={search_term_string}\",\"query-input\":\"required name=search_term_string\"}],\"inLanguage\":\"en-US\"},{\"@type\":\"WebPage\",\"@id\":\"https:\/\/lhs-solutions.com.br\/index.php\/contato\/#webpage\",\"url\":\"https:\/\/lhs-solutions.com.br\/index.php\/contato\/\",\"name\":\"Contato - LHS - Hydraulic Solutions\",\"isPartOf\":{\"@id\":\"https:\/\/lhs-solutions.com.br\/#website\"},\"datePublished\":\"2021-07-08T17:25:43+00:00\",\"dateModified\":\"2021-10-17T20:06:15+00:00\",\"inLanguage\":\"en-US\",\"potentialAction\":[{\"@type\":\"ReadAction\",\"target\":[\"https:\/\/lhs-solutions.com.br\/index.php\/contato\/\"]}]}]}<\/script>\n<!-- \/ Yoast SEO plugin. -->","_links":{"self":[{"href":"https:\/\/lhs-solutions.com.br\/index.php\/wp-json\/wp\/v2\/pages\/149"}],"collection":[{"href":"https:\/\/lhs-solutions.com.br\/index.php\/wp-json\/wp\/v2\/pages"}],"about":[{"href":"https:\/\/lhs-solutions.com.br\/index.php\/wp-json\/wp\/v2\/types\/page"}],"author":[{"embeddable":true,"href":"https:\/\/lhs-solutions.com.br\/index.php\/wp-json\/wp\/v2\/users\/1"}],"replies":[{"embeddable":true,"href":"https:\/\/lhs-solutions.com.br\/index.php\/wp-json\/wp\/v2\/comments?post=149"}],"version-history":[{"count":46,"href":"https:\/\/lhs-solutions.com.br\/index.php\/wp-json\/wp\/v2\/pages\/149\/revisions"}],"predecessor-version":[{"id":1925,"href":"https:\/\/lhs-solutions.com.br\/index.php\/wp-json\/wp\/v2\/pages\/149\/revisions\/1925"}],"wp:attachment":[{"href":"https:\/\/lhs-solutions.com.br\/index.php\/wp-json\/wp\/v2\/media?parent=149"}],"curies":[{"name":"wp","href":"https:\/\/api.w.org\/{rel}","templated":true}]}}