{"id":148,"date":"2021-07-08T14:25:43","date_gmt":"2021-07-08T17:25:43","guid":{"rendered":"https:\/\/lhs-solutions.com.br\/?page_id=148"},"modified":"2021-10-17T17:10:13","modified_gmt":"2021-10-17T20:10:13","slug":"servicos","status":"publish","type":"page","link":"https:\/\/lhs-solutions.com.br\/index.php\/servicos\/","title":{"rendered":"Servi\u00e7os"},"content":{"rendered":"<div class=\"div-pai-principal-servicos\">\n<div class=\"div-filho-principal-servico\">\n<div style=\"margin-top: 35px;\">\n<div class=\"div-titulo-principal-servicos\">SERVI\u00c7OS LHS<\/div>\n<div class=\"div-subtitulo-principal-servicos\">Conhe\u00e7a nossos Servi\u00e7os<\/div>\n<\/div>\n<\/div>\n<div class=\"container-pai-secundario-fazemos\"><\/div>\n<div class=\"container-secundario-fazemos\">\n<div>\n<div class=\"titulo-pagina-servicos-um\">O QUE FAZEMOS<\/div>\n<div class=\"texto-pagina-servicos-um\">\nManuten\u00e7\u00f5es e reparos<br \/>\nInstala\u00e7\u00f5es de Montagem<br \/>\nInspe\u00e7\u00f5es<br \/>\nProjetos e Upgrade<br \/>\nAjustes Mec\u00e2nicos<\/div>\n<div>\n<a href=\"https:\/\/api.whatsapp.com\/send?phone=5521474678&amp;text=Ol%C3%A1%2C+estou+entrando+em+contato+a+partir+do+site+da+LHS%2C+gostaria+de+saber+mais+a+respeitos+dos+servi%C3%A7os+oferecidos%21&amp;lang=pt_br\"><button class=\"botao-solicitar-orcamento\">Solicitar Or\u00e7amento<\/button><\/a><\/div>\n<hr class=\"borda-pagina-servicos-um-serv\">\n<\/div>\n<div>\n<div class=\"titulo-pagina-servicos-um\">ASSIST\u00caNCIA T\u00c9CNICA<\/div>\n<div class=\"texto-pagina-servicos-um\">\n<div class=\"texto-div-pagina-servicos\">\n<i class=\"fas fa-chevron-right\" style=\"color: #183569;\"><\/i>Sistema de Lubrifica\u00e7\u00e3o<br \/>\n<i class=\"fas fa-chevron-right\" style=\"color: #183569;\"><\/i>Freios e embreagens<br \/>\n<i class=\"fas fa-chevron-right\" style=\"color: #183569;\"><\/i>Gear Box<br \/>\n<i class=\"fas fa-chevron-right\" style=\"color: #183569;\"><\/i>Redutores<br \/>\n<i class=\"fas fa-chevron-right\" style=\"color: #183569;\"><\/i>Motoredutores<br \/>\n<i class=\"fas fa-chevron-right\" style=\"color: #183569;\"><\/i>Redutores de Giro<br \/>\n<i class=\"fas fa-chevron-right\" style=\"color: #183569;\"><\/i>Hidr\u00e1ulica de Propulsores (Thrusters e CPP)<br \/>\n<i class=\"fas fa-chevron-right\" style=\"color: #183569;\"><\/i>Plano de Manuten\u00e7\u00e3o Preventiva<\/div>\n<p><img decoding=\"async\" src=\"https:\/\/lhs-solutions.com.br\/wp-content\/uploads\/2021\/08\/imagem-1.png\" title=\"foto criado por jannoon028 - br.freepik.com\" class=\"imagem-lateral-servicos\" style=\"background-size: 100% 100%;\"><\/p>\n<\/div>\n<div>\n<div class=\"titulo-pagina-servicos-um\">MANUTEN\u00c7\u00c3O GERAL<\/div>\n<div class=\"texto-pagina-servicos-um\">\n<div class=\"texto-div-pagina-servicos\">\n<i class=\"fas fa-chevron-right\" style=\"color: #183569;\"><\/i>Sistemas Hidr\u00e1ulicos<br \/>\n<i class=\"fas fa-chevron-right\" style=\"color: #183569;\"><\/i>Unidades Hidr\u00e1ulicas (HPU)<br \/>\n<i class=\"fas fa-chevron-right\" style=\"color: #183569;\"><\/i>Guindastes<br \/>\n<i class=\"fas fa-chevron-right\" style=\"color: #183569;\"><\/i>Guinchos<br \/>\n<i class=\"fas fa-chevron-right\" style=\"color: #183569;\"><\/i>Acumuladores<br \/>\n<i class=\"fas fa-chevron-right\" style=\"color: #183569;\"><\/i>Turcos<br \/>\n<i class=\"fas fa-chevron-right\" style=\"color: #183569;\"><\/i>Cabrestantes<br \/>\n<i class=\"fas fa-chevron-right\" style=\"color: #183569;\"><\/i>Molinetes<br \/>\n<i class=\"fas fa-chevron-right\" style=\"color: #183569;\"><\/i>Trocador de calor<br \/>\n<i class=\"fas fa-chevron-right\" style=\"color: #183569;\"><\/i>Troca de mangueiras<br \/>\n<i class=\"fas fa-chevron-right\" style=\"color: #183569;\"><\/i>Tubula\u00e7\u00f5es hidr\u00e1ulicas<br \/>\n<i class=\"fas fa-chevron-right\" style=\"color: #183569;\"><\/i>Equipamentos para movimenta\u00e7\u00e3o de carga<br \/>\n<i class=\"fas fa-chevron-right\" style=\"color: #183569;\"><\/i>Teste de bancada<br \/>\n<i class=\"fas fa-chevron-right\" style=\"color: #183569;\"><\/i>Porta Estanques<br \/>\n<i class=\"fas fa-chevron-right\" style=\"color: #183569;\"><\/i>Troubleshooting<\/div>\n<p><img decoding=\"async\" src=\"https:\/\/lhs-solutions.com.br\/wp-content\/uploads\/2021\/08\/Imagem-2.png\" class=\"imagem-lateral-servicos-dois\" style=\"background-size: 100% 100%;\"><\/p>\n<\/div>\n<\/div>\n<div>\n<div class=\"titulo-pagina-servicos-um\">HIDR\u00c1ULICA<\/div>\n<div class=\"texto-pagina-servicos-um\">\n<div class=\"texto-div-pagina-servicos\">\n<i class=\"fas fa-chevron-right\" style=\"color: #183569;\"><\/i>Comandos<br \/>\n<i class=\"fas fa-chevron-right\" style=\"color: #183569;\"><\/i>V\u00e1lvulas<br \/>\n<i class=\"fas fa-chevron-right\" style=\"color: #183569;\"><\/i>Bombas<br \/>\n<i class=\"fas fa-chevron-right\" style=\"color: #183569;\"><\/i>Cilindros<br \/>\n<i class=\"fas fa-chevron-right\" style=\"color: #183569;\"><\/i>Motores<br \/>\n<i class=\"fas fa-chevron-right\" style=\"color: #183569;\"><\/i>Redutores<br \/>\n<i class=\"fas fa-chevron-right\" style=\"color: #183569;\"><\/i>Blocos manifold<br \/>\n<i class=\"fas fa-chevron-right\" style=\"color: #183569;\"><\/i>Flushing<br \/>\n<i class=\"fas fa-chevron-right\" style=\"color: #183569;\"><br \/>\n<\/i>An\u00e1lise de \u00f3leo (Contagem de part\u00edculas)<\/div>\n<p><img decoding=\"async\" src=\"https:\/\/lhs-solutions.com.br\/wp-content\/uploads\/2021\/08\/Imagem-3.png\" class=\"imagem-lateral-servicos\" style=\"background-size: 100% 100%;\"><\/p>\n<\/div>\n<\/div>\n<div>\n<div class=\"final-pagina-servico\">\n<div class=\"final-pagina-servico-texto\" style=\"margin-top: 20px;margin-bottom: 20px;font-family: serif;\">\n<i>Primando pelo bom atendimento, pela transpar\u00eancia, investindo<br \/>\nem tecnologia e operando com agilidade e flexibilidade para<br \/>\nlevarmos aos nossos clientes solu\u00e7\u00f5es imediatas.<br \/>\n<\/i><a href=\"https:\/\/api.whatsapp.com\/send?phone=5521474678&amp;text=Ol%C3%A1%2C+estou+entrando+em+contato+a+partir+do+site+da+LHS%2C+gostaria+de+saber+mais+a+respeitos+dos+servi%C3%A7os+oferecidos%21&amp;lang=pt_br\"><button class=\"botao-solicitar-orcamento-final\">Solicitar Or\u00e7amento<\/button><\/a><\/div>\n<\/div>\n<div style=\"width: 100%;background-color: #686868;height: 16px;\"><\/div>\n<\/div>\n<\/div>\n<\/div>\n<\/div>\n","protected":false},"excerpt":{"rendered":"<p>SERVI\u00c7OS LHS Conhe\u00e7a nossos Servi\u00e7os O QUE FAZEMOS Manuten\u00e7\u00f5es e reparos Instala\u00e7\u00f5es de Montagem Inspe\u00e7\u00f5es Projetos e Upgrade Ajustes Mec\u00e2nicos Solicitar Or\u00e7amento ASSIST\u00caNCIA T\u00c9CNICA Sistema de Lubrifica\u00e7\u00e3o Freios e embreagens Gear Box Redutores Motoredutores Redutores de Giro Hidr\u00e1ulica de Propulsores (Thrusters e CPP) Plano de Manuten\u00e7\u00e3o Preventiva MANUTEN\u00c7\u00c3O GERAL Sistemas Hidr\u00e1ulicos Unidades Hidr\u00e1ulicas (HPU) Guindastes&hellip; <br \/> <a class=\"read-more\" href=\"https:\/\/lhs-solutions.com.br\/index.php\/servicos\/\">Read more<\/a><\/p>\n","protected":false},"author":1,"featured_media":0,"parent":0,"menu_order":0,"comment_status":"closed","ping_status":"closed","template":"","meta":[],"yoast_head":"<!-- This site is optimized with the Yoast SEO plugin v14.6.1 - https:\/\/yoast.com\/wordpress\/plugins\/seo\/ -->\n<title>Servi\u00e7os - LHS - Hydraulic Solutions<\/title>\n<meta name=\"robots\" content=\"index, follow\" \/>\n<meta name=\"googlebot\" content=\"index, follow, max-snippet:-1, max-image-preview:large, max-video-preview:-1\" \/>\n<meta name=\"bingbot\" content=\"index, follow, max-snippet:-1, max-image-preview:large, max-video-preview:-1\" \/>\n<link rel=\"canonical\" href=\"https:\/\/lhs-solutions.com.br\/index.php\/servicos\/\" \/>\n<meta property=\"og:locale\" content=\"en_US\" \/>\n<meta property=\"og:type\" content=\"article\" \/>\n<meta property=\"og:title\" content=\"Servi\u00e7os - LHS - Hydraulic Solutions\" \/>\n<meta property=\"og:description\" content=\"SERVI\u00c7OS LHS Conhe\u00e7a nossos Servi\u00e7os O QUE FAZEMOS Manuten\u00e7\u00f5es e reparos Instala\u00e7\u00f5es de Montagem Inspe\u00e7\u00f5es Projetos e Upgrade Ajustes Mec\u00e2nicos Solicitar Or\u00e7amento ASSIST\u00caNCIA T\u00c9CNICA Sistema de Lubrifica\u00e7\u00e3o Freios e embreagens Gear Box Redutores Motoredutores Redutores de Giro Hidr\u00e1ulica de Propulsores (Thrusters e CPP) Plano de Manuten\u00e7\u00e3o Preventiva MANUTEN\u00c7\u00c3O GERAL Sistemas Hidr\u00e1ulicos Unidades Hidr\u00e1ulicas (HPU) Guindastes&hellip; Read more\" \/>\n<meta property=\"og:url\" content=\"https:\/\/lhs-solutions.com.br\/index.php\/servicos\/\" \/>\n<meta property=\"og:site_name\" content=\"LHS - Hydraulic Solutions\" \/>\n<meta property=\"article:modified_time\" content=\"2021-10-17T20:10:13+00:00\" \/>\n<meta property=\"og:image\" content=\"https:\/\/lhs-solutions.com.br\/wp-content\/uploads\/2021\/08\/imagem-1.png\" \/>\n<meta name=\"twitter:card\" content=\"summary_large_image\" \/>\n<script type=\"application\/ld+json\" class=\"yoast-schema-graph\">{\"@context\":\"https:\/\/schema.org\",\"@graph\":[{\"@type\":\"Organization\",\"@id\":\"https:\/\/lhs-solutions.com.br\/#organization\",\"name\":\"LHS Hydraulic Solutions\",\"url\":\"https:\/\/lhs-solutions.com.br\/\",\"sameAs\":[],\"logo\":{\"@type\":\"ImageObject\",\"@id\":\"https:\/\/lhs-solutions.com.br\/#logo\",\"inLanguage\":\"en-US\",\"url\":\"https:\/\/lhs-solutions.com.br\/wp-content\/uploads\/2019\/08\/logo-small-black.png\",\"width\":300,\"height\":140,\"caption\":\"LHS Hydraulic Solutions\"},\"image\":{\"@id\":\"https:\/\/lhs-solutions.com.br\/#logo\"}},{\"@type\":\"WebSite\",\"@id\":\"https:\/\/lhs-solutions.com.br\/#website\",\"url\":\"https:\/\/lhs-solutions.com.br\/\",\"name\":\"LHS - Hydraulic Solutions\",\"description\":\"Solu\\u00e7\\u00f5es em hidr\\u00e1ulica\",\"publisher\":{\"@id\":\"https:\/\/lhs-solutions.com.br\/#organization\"},\"potentialAction\":[{\"@type\":\"SearchAction\",\"target\":\"https:\/\/lhs-solutions.com.br\/?s={search_term_string}\",\"query-input\":\"required name=search_term_string\"}],\"inLanguage\":\"en-US\"},{\"@type\":\"ImageObject\",\"@id\":\"https:\/\/lhs-solutions.com.br\/index.php\/servicos\/#primaryimage\",\"inLanguage\":\"en-US\",\"url\":\"https:\/\/lhs-solutions.com.br\/wp-content\/uploads\/2021\/08\/imagem-1.png\",\"width\":529,\"height\":248},{\"@type\":\"WebPage\",\"@id\":\"https:\/\/lhs-solutions.com.br\/index.php\/servicos\/#webpage\",\"url\":\"https:\/\/lhs-solutions.com.br\/index.php\/servicos\/\",\"name\":\"Servi\\u00e7os - LHS - Hydraulic Solutions\",\"isPartOf\":{\"@id\":\"https:\/\/lhs-solutions.com.br\/#website\"},\"primaryImageOfPage\":{\"@id\":\"https:\/\/lhs-solutions.com.br\/index.php\/servicos\/#primaryimage\"},\"datePublished\":\"2021-07-08T17:25:43+00:00\",\"dateModified\":\"2021-10-17T20:10:13+00:00\",\"inLanguage\":\"en-US\",\"potentialAction\":[{\"@type\":\"ReadAction\",\"target\":[\"https:\/\/lhs-solutions.com.br\/index.php\/servicos\/\"]}]}]}<\/script>\n<!-- \/ Yoast SEO plugin. -->","_links":{"self":[{"href":"https:\/\/lhs-solutions.com.br\/index.php\/wp-json\/wp\/v2\/pages\/148"}],"collection":[{"href":"https:\/\/lhs-solutions.com.br\/index.php\/wp-json\/wp\/v2\/pages"}],"about":[{"href":"https:\/\/lhs-solutions.com.br\/index.php\/wp-json\/wp\/v2\/types\/page"}],"author":[{"embeddable":true,"href":"https:\/\/lhs-solutions.com.br\/index.php\/wp-json\/wp\/v2\/users\/1"}],"replies":[{"embeddable":true,"href":"https:\/\/lhs-solutions.com.br\/index.php\/wp-json\/wp\/v2\/comments?post=148"}],"version-history":[{"count":92,"href":"https:\/\/lhs-solutions.com.br\/index.php\/wp-json\/wp\/v2\/pages\/148\/revisions"}],"predecessor-version":[{"id":1926,"href":"https:\/\/lhs-solutions.com.br\/index.php\/wp-json\/wp\/v2\/pages\/148\/revisions\/1926"}],"wp:attachment":[{"href":"https:\/\/lhs-solutions.com.br\/index.php\/wp-json\/wp\/v2\/media?parent=148"}],"curies":[{"name":"wp","href":"https:\/\/api.w.org\/{rel}","templated":true}]}}