{"id":147,"date":"2021-07-08T14:25:43","date_gmt":"2021-07-08T17:25:43","guid":{"rendered":"https:\/\/lhs-solutions.com.br\/?page_id=147"},"modified":"2021-08-31T19:39:12","modified_gmt":"2021-08-31T22:39:12","slug":"a-lhs","status":"publish","type":"page","link":"https:\/\/lhs-solutions.com.br\/index.php\/a-lhs\/","title":{"rendered":"A LHS"},"content":{"rendered":"<div class=\"div-pai-alhs-pagina\" style=\"background:#fff;margin-bottom: 20px;\">\n<div class=\"div-filho-alhs-pagina\">\n<div class=\"titulo-alhs-pagina-divss\">A LHS<\/div>\n<div class=\"alhs-titulo-text-tit\">Fundada em 05 de Julho de 2019 no estado do Rio de Janeiro, a LHS-Hydraulic Solutions LTDA \u00e9 uma empresa com foco em sistemas \u00f3leo hidr\u00e1ulico industrial, naval, onshore e offshore, voltada para tecnologia de movimentos, lubrifica\u00e7\u00e3o e purifica\u00e7\u00e3o de \u00f3leo.<\/div>\n<div class=\"texto-com-imagem-lado-alhss\" style=\"display: flex;\">\n<div class=\"texto-div-imagem-alhs-emp\">\n<div class=\"texto-div-secundario-alhsss\">A LHS -Hydraulic Solutions tem como objetivo levar solu\u00e7\u00f5es, em todos os lugares e para isso \u00e9 necess\u00e1rio integra\u00e7\u00e3o, movimentos, a\u00e7\u00f5es e oportunidades.<br \/>\nPrimando pelo bom atendimento, pela transpar\u00eancia, investindo em tecnologia e operando com agilidade e flexibilidade para levarmos aos nossos clientes solu\u00e7\u00f5es imediatas.<\/div>\n<div class=\"div-titulo-metodologia-lhsss\">METODOLOGIA<\/div>\n<div class=\"texto-metodologia-lhsss\">Para que nossa empresa se mantenha no mercado competitivo atual, todos os colaboradores devem estar comprometidos em zelar por sua miss\u00e3o, vis\u00e3o e valores. \u00c9 preciso termos condutas condizentes com a cultura da empresa, buscando focar nossas a\u00e7\u00f5es em comportamentos assertivos, tanto com nossos clientes quanto em nossas rela\u00e7\u00f5es comerciais internas e externas.<br \/>\nEste comportamento faz com que todos participem da constru\u00e7\u00e3o s\u00f3lida da cultura empresarial e sejam co-respons\u00e1veis pelo crescimento da empresa.<\/div>\n<\/div>\n<p><img decoding=\"async\" src=\"https:\/\/lhs-solutions.com.br\/wp-content\/uploads\/2021\/08\/losango-lhs.png\" class=\"imagem-pagina-alhsss\"><\/p>\n<\/div>\n<p><img decoding=\"async\" src=\"https:\/\/lhs-solutions.com.br\/wp-content\/uploads\/2021\/08\/losango-lhs.png\" class=\"imagem-pagina-alhsss-mobile\"><\/p>\n<div class=\"os-tres-pilares-divs\">\n<div class=\"tres-pilares-quadro\">\n<div class=\"icones-pilares-tres-tres\"><i class=\"fas fa-smile\" style=\"color: #183569;\"><\/i><\/div>\n<div class=\"titulo-pagina-lhs-trestres\">RAZ\u00c3O DE EXISTIR<\/div>\n<div style=\"color: black;font-family: serif;\">\nA LHS \u00e9 uma empresa focada em fornecer m\u00e3o de obra<br \/>\nqualificada utilizando-se de m\u00e9todos pr\u00e1ticos e eficazes<br \/>\nem manuten\u00e7\u00e3o de sistemas hidr\u00e1ulico de baixa, m\u00e9dia e alta complexidade.<br \/>\nCom objetivo de otimizar o tempo e custos de manuten\u00e7\u00e3o afim de proporcionar total satisfa\u00e7\u00e3o de nossos clientes.<\/div>\n<\/div>\n<div class=\"tres-pilares-quadro\">\n<div class=\"icones-pilares-tres-tres\"><i class=\"fas fa-chart-line\" style=\"color: #183569;\"><\/i><\/div>\n<div class=\"titulo-pagina-lhs-trestres\">ONDE VAMOS CHEGAR<\/div>\n<div style=\"color: black;font-family: serif;\">\nInvestir no desenvolvimento cont\u00ednuo para que se torne refer\u00eancia como<br \/>\nempresa brasileira no seguimento de sistemas \u00f3leo hidr\u00e1ulicos, reconhecida por excel\u00eancia na presta\u00e7\u00e3o de servi\u00e7os visando qualidade, efici\u00eancia e resultados.<\/div>\n<\/div>\n<div class=\"tres-pilares-quadro\">\n<div class=\"icones-pilares-tres-tres\"><i class=\"fas fa-hands-helping\" style=\"color: #183569;\"><\/i><\/div>\n<div class=\"titulo-pagina-lhs-trestres\">EM QUE ACREDITAMOS<\/div>\n<div style=\"color: black;font-family: serif;\">\n<i class=\"fas fa-chevron-right\" style=\"color: #183569;\"><br \/>\n<\/i>Conduta \u00e9tica<br \/>\n<i class=\"fas fa-chevron-right\" style=\"color: #183569;\"><br \/>\n<\/i>Valoriza\u00e7\u00e3o das pessoas<br \/>\n<i class=\"fas fa-chevron-right\" style=\"color: #183569;\"><\/i>Desenvolvimento constante da nossa equipe<br \/>\n<i class=\"fas fa-chevron-right\" style=\"color: #183569;\"><br \/>\n<\/i>Compromisso permanente com o cliente<br \/>\n<i class=\"fas fa-chevron-right\" style=\"color: #183569;\"><br \/>\n<\/i>Foco em qualidade \u2013 valores<br \/>\n<i class=\"fas fa-chevron-right\" style=\"color: #183569;\"><br \/>\n<\/i>Trabalho em equipe<br \/>\n<i class=\"fas fa-chevron-right\" style=\"color: #183569;\"><br \/>\n<\/i>Respeito a vida e ao meio ambiente<\/div>\n<\/div>\n<\/div>\n<\/div>\n<\/div>\n","protected":false},"excerpt":{"rendered":"<p>A LHS Fundada em 05 de Julho de 2019 no estado do Rio de Janeiro, a LHS-Hydraulic Solutions LTDA \u00e9 uma empresa com foco em sistemas \u00f3leo hidr\u00e1ulico industrial, naval, onshore e offshore, voltada para tecnologia de movimentos, lubrifica\u00e7\u00e3o e purifica\u00e7\u00e3o de \u00f3leo. A LHS -Hydraulic Solutions tem como objetivo levar solu\u00e7\u00f5es, em todos os&hellip; <br \/> <a class=\"read-more\" href=\"https:\/\/lhs-solutions.com.br\/index.php\/a-lhs\/\">Read more<\/a><\/p>\n","protected":false},"author":1,"featured_media":0,"parent":0,"menu_order":0,"comment_status":"closed","ping_status":"closed","template":"","meta":[],"yoast_head":"<!-- This site is optimized with the Yoast SEO plugin v14.6.1 - https:\/\/yoast.com\/wordpress\/plugins\/seo\/ -->\n<title>A LHS - LHS - Hydraulic Solutions<\/title>\n<meta name=\"robots\" content=\"index, follow\" \/>\n<meta name=\"googlebot\" content=\"index, follow, max-snippet:-1, max-image-preview:large, max-video-preview:-1\" \/>\n<meta name=\"bingbot\" content=\"index, follow, max-snippet:-1, max-image-preview:large, max-video-preview:-1\" \/>\n<link rel=\"canonical\" href=\"https:\/\/lhs-solutions.com.br\/index.php\/a-lhs\/\" \/>\n<meta property=\"og:locale\" content=\"en_US\" \/>\n<meta property=\"og:type\" content=\"article\" \/>\n<meta property=\"og:title\" content=\"A LHS - LHS - Hydraulic Solutions\" \/>\n<meta property=\"og:description\" content=\"A LHS Fundada em 05 de Julho de 2019 no estado do Rio de Janeiro, a LHS-Hydraulic Solutions LTDA \u00e9 uma empresa com foco em sistemas \u00f3leo hidr\u00e1ulico industrial, naval, onshore e offshore, voltada para tecnologia de movimentos, lubrifica\u00e7\u00e3o e purifica\u00e7\u00e3o de \u00f3leo. A LHS -Hydraulic Solutions tem como objetivo levar solu\u00e7\u00f5es, em todos os&hellip; Read more\" \/>\n<meta property=\"og:url\" content=\"https:\/\/lhs-solutions.com.br\/index.php\/a-lhs\/\" \/>\n<meta property=\"og:site_name\" content=\"LHS - Hydraulic Solutions\" \/>\n<meta property=\"article:modified_time\" content=\"2021-08-31T22:39:12+00:00\" \/>\n<meta property=\"og:image\" content=\"https:\/\/lhs-solutions.com.br\/wp-content\/uploads\/2021\/08\/losango-lhs.png\" \/>\n<meta name=\"twitter:card\" content=\"summary_large_image\" \/>\n<script type=\"application\/ld+json\" class=\"yoast-schema-graph\">{\"@context\":\"https:\/\/schema.org\",\"@graph\":[{\"@type\":\"Organization\",\"@id\":\"https:\/\/lhs-solutions.com.br\/#organization\",\"name\":\"LHS Hydraulic Solutions\",\"url\":\"https:\/\/lhs-solutions.com.br\/\",\"sameAs\":[],\"logo\":{\"@type\":\"ImageObject\",\"@id\":\"https:\/\/lhs-solutions.com.br\/#logo\",\"inLanguage\":\"en-US\",\"url\":\"https:\/\/lhs-solutions.com.br\/wp-content\/uploads\/2019\/08\/logo-small-black.png\",\"width\":300,\"height\":140,\"caption\":\"LHS Hydraulic Solutions\"},\"image\":{\"@id\":\"https:\/\/lhs-solutions.com.br\/#logo\"}},{\"@type\":\"WebSite\",\"@id\":\"https:\/\/lhs-solutions.com.br\/#website\",\"url\":\"https:\/\/lhs-solutions.com.br\/\",\"name\":\"LHS - Hydraulic Solutions\",\"description\":\"Solu\\u00e7\\u00f5es em hidr\\u00e1ulica\",\"publisher\":{\"@id\":\"https:\/\/lhs-solutions.com.br\/#organization\"},\"potentialAction\":[{\"@type\":\"SearchAction\",\"target\":\"https:\/\/lhs-solutions.com.br\/?s={search_term_string}\",\"query-input\":\"required name=search_term_string\"}],\"inLanguage\":\"en-US\"},{\"@type\":\"ImageObject\",\"@id\":\"https:\/\/lhs-solutions.com.br\/index.php\/a-lhs\/#primaryimage\",\"inLanguage\":\"en-US\",\"url\":\"https:\/\/lhs-solutions.com.br\/wp-content\/uploads\/2021\/08\/losango-lhs.png\",\"width\":2480,\"height\":2384},{\"@type\":\"WebPage\",\"@id\":\"https:\/\/lhs-solutions.com.br\/index.php\/a-lhs\/#webpage\",\"url\":\"https:\/\/lhs-solutions.com.br\/index.php\/a-lhs\/\",\"name\":\"A LHS - LHS - Hydraulic Solutions\",\"isPartOf\":{\"@id\":\"https:\/\/lhs-solutions.com.br\/#website\"},\"primaryImageOfPage\":{\"@id\":\"https:\/\/lhs-solutions.com.br\/index.php\/a-lhs\/#primaryimage\"},\"datePublished\":\"2021-07-08T17:25:43+00:00\",\"dateModified\":\"2021-08-31T22:39:12+00:00\",\"inLanguage\":\"en-US\",\"potentialAction\":[{\"@type\":\"ReadAction\",\"target\":[\"https:\/\/lhs-solutions.com.br\/index.php\/a-lhs\/\"]}]}]}<\/script>\n<!-- \/ Yoast SEO plugin. -->","_links":{"self":[{"href":"https:\/\/lhs-solutions.com.br\/index.php\/wp-json\/wp\/v2\/pages\/147"}],"collection":[{"href":"https:\/\/lhs-solutions.com.br\/index.php\/wp-json\/wp\/v2\/pages"}],"about":[{"href":"https:\/\/lhs-solutions.com.br\/index.php\/wp-json\/wp\/v2\/types\/page"}],"author":[{"embeddable":true,"href":"https:\/\/lhs-solutions.com.br\/index.php\/wp-json\/wp\/v2\/users\/1"}],"replies":[{"embeddable":true,"href":"https:\/\/lhs-solutions.com.br\/index.php\/wp-json\/wp\/v2\/comments?post=147"}],"version-history":[{"count":104,"href":"https:\/\/lhs-solutions.com.br\/index.php\/wp-json\/wp\/v2\/pages\/147\/revisions"}],"predecessor-version":[{"id":1903,"href":"https:\/\/lhs-solutions.com.br\/index.php\/wp-json\/wp\/v2\/pages\/147\/revisions\/1903"}],"wp:attachment":[{"href":"https:\/\/lhs-solutions.com.br\/index.php\/wp-json\/wp\/v2\/media?parent=147"}],"curies":[{"name":"wp","href":"https:\/\/api.w.org\/{rel}","templated":true}]}}